{"id":2167,"date":"2024-07-05T12:54:19","date_gmt":"2024-07-05T12:54:19","guid":{"rendered":"https:\/\/palo1.lobostudio.pl\/?page_id=2167"},"modified":"2024-07-15T10:18:09","modified_gmt":"2024-07-15T10:18:09","slug":"wellness","status":"publish","type":"page","link":"https:\/\/palo1.lobostudio.pl\/cs\/jak-to-dziala\/wellness\/","title":{"rendered":"Zastosowanie kom\u00f3r hiperbarycznych w Wellness i Spa"},"content":{"rendered":"<div data-elementor-type=\"wp-page\" data-elementor-id=\"2167\" class=\"elementor elementor-2167\" data-elementor-post-type=\"page\">\n\t\t\t\t<div class=\"elementor-element elementor-element-d41e1a3 e-flex e-con-boxed e-con e-child\" data-id=\"d41e1a3\" data-element_type=\"container\" data-settings=\"{&quot;background_background&quot;:&quot;classic&quot;,&quot;shape_divider_bottom&quot;:&quot;mountains&quot;}\">\n\t\t\t\t\t<div class=\"e-con-inner\">\n\t\t\t\t<div class=\"elementor-shape elementor-shape-bottom\" aria-hidden=\"true\" data-negative=\"false\">\n\t\t\t<svg xmlns=\"http:\/\/www.w3.org\/2000\/svg\" viewbox=\"0 0 1000 100\" preserveaspectratio=\"none\">\n\t<path class=\"elementor-shape-fill\" opacity=\"0.33\" d=\"M473,67.3c-203.9,88.3-263.1-34-320.3,0C66,119.1,0,59.7,0,59.7V0h1000v59.7 c0,0-62.1,26.1-94.9,29.3c-32.8,3.3-62.8-12.3-75.8-22.1C806,49.6,745.3,8.7,694.9,4.7S492.4,59,473,67.3z\"\/>\n\t<path class=\"elementor-shape-fill\" opacity=\"0.66\" d=\"M734,67.3c-45.5,0-77.2-23.2-129.1-39.1c-28.6-8.7-150.3-10.1-254,39.1 s-91.7-34.4-149.2,0C115.7,118.3,0,39.8,0,39.8V0h1000v36.5c0,0-28.2-18.5-92.1-18.5C810.2,18.1,775.7,67.3,734,67.3z\"\/>\n\t<path class=\"elementor-shape-fill\" d=\"M766.1,28.9c-200-57.5-266,65.5-395.1,19.5C242,1.8,242,5.4,184.8,20.6C128,35.8,132.3,44.9,89.9,52.5C28.6,63.7,0,0,0,0 h1000c0,0-9.9,40.9-83.6,48.1S829.6,47,766.1,28.9z\"\/>\n<\/svg>\t\t<\/div>\n\t\t\t\t<div class=\"elementor-element elementor-element-6ec34d7 elementor-absolute elementor-invisible elementor-widget elementor-widget-heading\" data-id=\"6ec34d7\" data-element_type=\"widget\" data-settings=\"{&quot;_position&quot;:&quot;absolute&quot;,&quot;motion_fx_motion_fx_scrolling&quot;:&quot;yes&quot;,&quot;motion_fx_translateY_effect&quot;:&quot;yes&quot;,&quot;_animation&quot;:&quot;fadeIn&quot;,&quot;_animation_delay&quot;:500,&quot;motion_fx_translateY_speed&quot;:{&quot;unit&quot;:&quot;px&quot;,&quot;size&quot;:4,&quot;sizes&quot;:[]},&quot;motion_fx_translateY_affectedRange&quot;:{&quot;unit&quot;:&quot;%&quot;,&quot;size&quot;:&quot;&quot;,&quot;sizes&quot;:{&quot;start&quot;:0,&quot;end&quot;:100}},&quot;motion_fx_devices&quot;:[&quot;desktop&quot;,&quot;tablet&quot;,&quot;mobile&quot;]}\" data-widget_type=\"heading.default\">\n\t\t\t\t<div class=\"elementor-widget-container\">\n\t\t\t\t\t<h2 class=\"elementor-heading-title elementor-size-default\">WELLNESS<\/h2>\t\t\t\t<\/div>\n\t\t\t\t<\/div>\n\t\t\t\t<div class=\"elementor-element elementor-element-792ab09 elementor-widget__width-initial elementor-widget-tablet__width-initial elementor-absolute elementor-invisible elementor-widget elementor-widget-image\" data-id=\"792ab09\" data-element_type=\"widget\" data-settings=\"{&quot;_position&quot;:&quot;absolute&quot;,&quot;_animation&quot;:&quot;fadeIn&quot;}\" data-widget_type=\"image.default\">\n\t\t\t\t<div class=\"elementor-widget-container\">\n\t\t\t\t\t\t\t\t\t\t\t\t\t\t\t<img fetchpriority=\"high\" decoding=\"async\" width=\"800\" height=\"500\" src=\"https:\/\/palo1.lobostudio.pl\/wp-content\/uploads\/2024\/02\/spa-1024x640.webp\" class=\"attachment-large size-large wp-image-469\" alt=\"\" srcset=\"https:\/\/palo1.lobostudio.pl\/wp-content\/uploads\/2024\/02\/spa-1024x640.webp 1024w, https:\/\/palo1.lobostudio.pl\/wp-content\/uploads\/2024\/02\/spa-300x188.webp 300w, https:\/\/palo1.lobostudio.pl\/wp-content\/uploads\/2024\/02\/spa-768x480.webp 768w, https:\/\/palo1.lobostudio.pl\/wp-content\/uploads\/2024\/02\/spa.webp 1200w\" sizes=\"(max-width: 800px) 100vw, 800px\" \/>\t\t\t\t\t\t\t\t\t\t\t\t\t\t\t<\/div>\n\t\t\t\t<\/div>\n\t\t<div class=\"elementor-element elementor-element-2fc68d9 e-con-full e-flex elementor-invisible e-con e-child\" data-id=\"2fc68d9\" data-element_type=\"container\" data-settings=\"{&quot;background_background&quot;:&quot;classic&quot;,&quot;animation&quot;:&quot;fadeInRight&quot;}\">\n\t\t\t\t<div class=\"elementor-element elementor-element-688359e elementor-widget__width-initial elementor-widget elementor-widget-text-editor\" data-id=\"688359e\" data-element_type=\"widget\" data-widget_type=\"text-editor.default\">\n\t\t\t\t<div class=\"elementor-widget-container\">\n\t\t\t\t\t\t\t\t\t<h1><strong>Zastosowanie kom\u00f3r hiperbarycznych <br \/>w Wellness i Spa<\/strong><\/h1>\t\t\t\t\t\t\t\t<\/div>\n\t\t\t\t<\/div>\n\t\t\t\t<div class=\"elementor-element elementor-element-a47266f elementor-widget__width-initial elementor-widget elementor-widget-text-editor\" data-id=\"a47266f\" data-element_type=\"widget\" data-widget_type=\"text-editor.default\">\n\t\t\t\t<div class=\"elementor-widget-container\">\n\t\t\t\t\t\t\t\t\t<p>\u0141agodne komory hiperbaryczne holistycznie wspomagaj\u0105 regeneracj\u0119 cia\u0142a, redukcj\u0119 stresu i popraw\u0119 samopoczucia, idealnie wpisuj\u0105c si\u0119 w filozofi\u0119 wellness i zabieg\u00f3w spa. Stanowi\u0105 doskona\u0142e uzupe\u0142nienie oferty w bran\u017cy, oferuj\u0105c liczne korzy\u015bci zdrowotne i regeneracyjne.<\/p>\t\t\t\t\t\t\t\t<\/div>\n\t\t\t\t<\/div>\n\t\t\t\t<\/div>\n\t\t\t\t\t<\/div>\n\t\t\t\t<\/div>\n\t\t<div class=\"elementor-element elementor-element-a18815a e-flex e-con-boxed e-con e-child\" data-id=\"a18815a\" data-element_type=\"container\" id=\"fizjoterapia\" data-settings=\"{&quot;background_background&quot;:&quot;classic&quot;}\">\n\t\t\t\t\t<div class=\"e-con-inner\">\n\t\t<div class=\"elementor-element elementor-element-bdc6dec e-flex e-con-boxed e-con e-child\" data-id=\"bdc6dec\" data-element_type=\"container\" data-settings=\"{&quot;background_background&quot;:&quot;classic&quot;}\">\n\t\t\t\t\t<div class=\"e-con-inner\">\n\t\t\t\t<div class=\"elementor-element elementor-element-41a062c elementor-widget elementor-widget-text-editor\" data-id=\"41a062c\" data-element_type=\"widget\" data-widget_type=\"text-editor.default\">\n\t\t\t\t<div class=\"elementor-widget-container\">\n\t\t\t\t\t\t\t\t\t<h2><strong>Poprawa regeneracji i rewitalizacja sk\u00f3ry<\/strong><\/h2><p>Tlenoterapia wspomaga produkcj\u0119 kolagenu, co <strong>przyczynia si\u0119 do redukcji zmarszczek<\/strong> i poprawy elastyczno\u015bci sk\u00f3ry. Dzia\u0142anie przeciwzapalne\u00a0tlenoterapii mHBOT doceni\u0105 osoby borykaj\u0105ce si\u0119 z przewlek\u0142ymi zmianami sk\u00f3rnymi (egzema, \u0142uszczyca, tr\u0105dzik). Regularne sesje tlenoterapii hiperbarycznej przyspieszaj\u0105 gojenie si\u0119 ran i zmniejszaj\u0105 tym samym ryzyko powstawania blizn, co jest szczeg\u00f3lnie cenne dla os\u00f3b dbaj\u0105cych o wygl\u0105d i zdrowie sk\u00f3ry.<\/p><h2><strong>Redukcja stresu i relaksacja<\/strong><\/h2><p>Redukcja stresu jest kluczowym elementem szeroko poj\u0119tego wellness. Sesje mHBOT\u00a0<strong>pomagaj\u0105 w osi\u0105gni\u0119ciu g\u0142\u0119bokiego relaksu<\/strong> poprzez\u00a0dotlenienie tkanek i popraw\u0119 kr\u0105\u017cenia krwi, pozwalaj\u0105c klientom w pe\u0142ni si\u0119 wyciszy\u0107 i zregenerowa\u0107 si\u0142y.<\/p><h2><strong>Wzmocnienie uk\u0142adu odporno\u015bciowego<\/strong><\/h2><p>Regularne korzystanie z terapii hiperbarycznej mo\u017ce prowadzi\u0107 do wzmocnienia uk\u0142adu odporno\u015bciowego. Zwi\u0119kszona ilo\u015b\u0107 tlenu we krwi <strong>stymuluje uk\u0142ad immunologiczny<\/strong> do wytwarzania limfocyt\u00f3w, wspieraj\u0105c organizm w walce z infekcjami.<\/p><h2><strong>Poprawa jako\u015bci snu<\/strong><\/h2><p>Jednym z najcz\u0119stszych problem\u00f3w, z kt\u00f3rymi borykaj\u0105 si\u0119 osoby prowadz\u0105ce intensywny tryb \u017cycia, jest bezsenno\u015b\u0107 lub s\u0142aba jako\u015b\u0107 snu. Sesje w komorze hiperbarycznej mog\u0105<strong> znacz\u0105co poprawi\u0107 jako\u015b\u0107 snu<\/strong>, co ma bezpo\u015bredni wp\u0142yw na zdolno\u015bci regeneracyjne organizmu i og\u00f3lne samopoczucie.<\/p><h2><strong>Detoksykacja organizmu<\/strong><\/h2><p>\u0141agodne komory hiperbaryczne wspomagaj\u0105 proces detoksykacji organizmu. Podwy\u017cszone\u00a0ci\u015bnienie oraz podawanie czystego\u00a0tlenu poprawia kr\u0105\u017cenie krwi, co <strong>sprzyja efektywniejszemu usuwaniu toksyn<\/strong> i produkt\u00f3w przemiany materii. Detoksykacja jest kluczowym elementem wielu zabieg\u00f3w spa, a tlenoterapia\u00a0mo\u017ce znacznie poprawi\u0107\u00a0ich skuteczno\u015b\u0107.<\/p><h2><strong>Powr\u00f3t energii i witalno\u015bci<\/strong><\/h2><p>Dotlenienie tkanek podczas sesji w komorze hiperbarycznej prowadzi do zwi\u0119kszenia produkcji ATP, tym samym wp\u0142ywaj\u0105c na wzrost poziomu energii i og\u00f3lnej witalno\u015bci. Ju\u017c po jednorazowym skorzystaniu z sesji mHBOT klienci\u00a0<strong>odczuwaj\u0105 popraw\u0119 nastroju<\/strong>, wi\u0119ksz\u0105 motywacj\u0119 do dzia\u0142ania oraz og\u00f3lne poczucie od\u015bwie\u017cenia i rewitalizacji.<\/p><p>\u00a0<\/p><p>\u0141agodne komory hiperbaryczne oferuj\u0105 kompleksowe wsparcie dla zdrowia oraz dobrej kondycji zar\u00f3wno fizycznej, jak i psychicznej. Wykorzystanie kom\u00f3r OXYMATIC\u00ae przynosi popraw\u0119 wygl\u0105du sk\u00f3ry, redukcj\u0119 stresu, wzmocnienie uk\u0142adu odporno\u015bciowego, lepsz\u0105 jako\u015b\u0107 snu, detoksykacj\u0119 organizmu oraz wp\u0142ywa na zwi\u0119kszenie energii i dobrego samopoczucia w ci\u0105gu dnia, idealnie wpisuj\u0105c si\u0119 w bran\u017c\u0119 wellnes &amp; spa.<\/p><p>\u0179r\u00f3d\u0142a:<\/p><p>[1] Gupta, M., &amp; Rathored, J. (2024). Hyperbaric oxygen therapy: future prospects in regenerative therapy and anti-aging.<\/p><p>[2] Siero\u0144, A., Cie\u015blar, G., &amp; Kawecki, M. (2022). Zarys medycyny hiperbarycznej z elementami terapii skojarzonej.<\/p><p>[3] Nisa, B. U., Nakanishi, R., Tanaka, M., Lin, H., Hirabayashi, T., Maeshige, N., Kondo, H., &amp; Fujino, H. (2023). Mild Hyperbaric Oxygen Exposure Enhances Peripheral Circulatory Natural Killer Cells in Healthy Young Women.<\/p>\t\t\t\t\t\t\t\t<\/div>\n\t\t\t\t<\/div>\n\t\t\t\t\t<\/div>\n\t\t\t\t<\/div>\n\t\t\t\t\t<\/div>\n\t\t\t\t<\/div>\n\t\t<div class=\"elementor-element elementor-element-49e3f22 e-flex e-con-boxed e-con e-parent\" data-id=\"49e3f22\" data-element_type=\"container\">\n\t\t\t\t\t<div class=\"e-con-inner\">\n\t\t<div class=\"elementor-element elementor-element-f2d34fc e-con-full e-flex e-con e-child\" data-id=\"f2d34fc\" data-element_type=\"container\">\n\t\t\t\t<div class=\"elementor-element elementor-element-5577148 elementor-widget__width-initial elementor-invisible elementor-widget elementor-widget-image\" data-id=\"5577148\" data-element_type=\"widget\" data-settings=\"{&quot;_animation&quot;:&quot;fadeIn&quot;}\" data-widget_type=\"image.default\">\n\t\t\t\t<div class=\"elementor-widget-container\">\n\t\t\t\t\t\t\t\t\t\t\t\t\t\t\t<img decoding=\"async\" width=\"800\" height=\"728\" src=\"https:\/\/palo1.lobostudio.pl\/wp-content\/uploads\/2024\/03\/1-1024x932.webp\" class=\"attachment-large size-large wp-image-962\" alt=\"\" srcset=\"https:\/\/palo1.lobostudio.pl\/wp-content\/uploads\/2024\/03\/1-1024x932.webp 1024w, https:\/\/palo1.lobostudio.pl\/wp-content\/uploads\/2024\/03\/1-300x273.webp 300w, https:\/\/palo1.lobostudio.pl\/wp-content\/uploads\/2024\/03\/1-768x699.webp 768w, https:\/\/palo1.lobostudio.pl\/wp-content\/uploads\/2024\/03\/1.webp 1267w\" sizes=\"(max-width: 800px) 100vw, 800px\" \/>\t\t\t\t\t\t\t\t\t\t\t\t\t\t\t<\/div>\n\t\t\t\t<\/div>\n\t\t\t\t<\/div>\n\t\t<div class=\"elementor-element elementor-element-73500e4 e-con-full e-flex e-con e-child\" data-id=\"73500e4\" data-element_type=\"container\" data-settings=\"{&quot;background_background&quot;:&quot;classic&quot;}\">\n\t\t\t\t<div class=\"elementor-element elementor-element-8b4eeea elementor-invisible elementor-widget elementor-widget-heading\" data-id=\"8b4eeea\" data-element_type=\"widget\" data-settings=\"{&quot;_animation&quot;:&quot;fadeInLeft&quot;,&quot;_animation_delay&quot;:1000}\" data-widget_type=\"heading.default\">\n\t\t\t\t<div class=\"elementor-widget-container\">\n\t\t\t\t\t<h2 class=\"elementor-heading-title elementor-size-default\">Dowiedz si\u0119 wi\u0119cej <br>o szkoleniach Oxymatic<sup>\u00ae<\/h2>\t\t\t\t<\/div>\n\t\t\t\t<\/div>\n\t\t\t\t<div class=\"elementor-element elementor-element-ecfb95e elementor-invisible elementor-widget elementor-widget-button\" data-id=\"ecfb95e\" data-element_type=\"widget\" data-settings=\"{&quot;_animation&quot;:&quot;fadeInLeft&quot;,&quot;_animation_delay&quot;:1000}\" data-widget_type=\"button.default\">\n\t\t\t\t<div class=\"elementor-widget-container\">\n\t\t\t\t\t\t\t\t\t<div class=\"elementor-button-wrapper\">\n\t\t\t\t\t<a class=\"elementor-button elementor-button-link elementor-size-sm elementor-animation-sink\" href=\"https:\/\/palo1.lobostudio.pl\/cs\/szkolenia\/\">\n\t\t\t\t\t\t<span class=\"elementor-button-content-wrapper\">\n\t\t\t\t\t\t\t\t\t<span class=\"elementor-button-text\">Zobacz<\/span>\n\t\t\t\t\t<\/span>\n\t\t\t\t\t<\/a>\n\t\t\t\t<\/div>\n\t\t\t\t\t\t\t\t<\/div>\n\t\t\t\t<\/div>\n\t\t\t\t<\/div>\n\t\t\t\t\t<\/div>\n\t\t\t\t<\/div>\n\t\t<div class=\"elementor-element elementor-element-d1ce30c e-con-full e-flex e-con e-parent\" data-id=\"d1ce30c\" data-element_type=\"container\" data-settings=\"{&quot;background_background&quot;:&quot;classic&quot;}\">\n\t\t\t\t<\/div>\n\t\t\t\t<\/div>","protected":false},"excerpt":{"rendered":"<p>WELLNESS Zastosowanie kom\u00f3r hiperbarycznych w Wellness i Spa \u0141agodne komory hiperbaryczne holistycznie wspomagaj\u0105 regeneracj\u0119 cia\u0142a, redukcj\u0119 stresu i popraw\u0119 samopoczucia, idealnie wpisuj\u0105c si\u0119 w filozofi\u0119 wellness i zabieg\u00f3w spa. Stanowi\u0105 doskona\u0142e uzupe\u0142nienie oferty w bran\u017cy, oferuj\u0105c liczne korzy\u015bci zdrowotne i regeneracyjne. Poprawa regeneracji i rewitalizacja sk\u00f3ry Tlenoterapia wspomaga produkcj\u0119 kolagenu, co przyczynia si\u0119 do redukcji [&hellip;]<\/p>","protected":false},"author":1,"featured_media":0,"parent":930,"menu_order":0,"comment_status":"closed","ping_status":"closed","template":"elementor_header_footer","meta":{"_acf_changed":false,"inline_featured_image":false,"footnotes":""},"class_list":["post-2167","page","type-page","status-publish","hentry"],"acf":[],"yoast_head":"<!-- This site is optimized with the Yoast SEO plugin v22.4 - https:\/\/yoast.com\/wordpress\/plugins\/seo\/ -->\n<title>Zastosowanie kom\u00f3r hiperbarycznych w Wellness i Spa - Oxymatic<\/title>\n<meta name=\"description\" content=\"Dowiedz si\u0119, jak komora hiperbaryczna mo\u017ce przyczyni\u0107 si\u0119 do rozwoju Twojego biznesu w bran\u017cy Wellness i Spa. HBOT to tlenoterapia pod ci\u015bnieniem.\" \/>\n<meta name=\"robots\" content=\"noindex, follow, max-snippet:-1, max-image-preview:large, max-video-preview:-1\" \/>\n<meta property=\"og:locale\" content=\"cs_CZ\" \/>\n<meta property=\"og:type\" content=\"article\" \/>\n<meta property=\"og:title\" content=\"Zastosowanie kom\u00f3r hiperbarycznych w Wellness i Spa - Oxymatic\" \/>\n<meta property=\"og:description\" content=\"Dowiedz si\u0119, jak komora hiperbaryczna mo\u017ce przyczyni\u0107 si\u0119 do rozwoju Twojego biznesu w bran\u017cy Wellness i Spa. HBOT to tlenoterapia pod ci\u015bnieniem.\" \/>\n<meta property=\"og:url\" content=\"https:\/\/palo1.lobostudio.pl\/cs\/jak-to-dziala\/wellness\/\" \/>\n<meta property=\"og:site_name\" content=\"Oxymatic\" \/>\n<meta property=\"article:publisher\" content=\"https:\/\/www.facebook.com\/p\/Oxymatic-61558663586440\/\" \/>\n<meta property=\"article:modified_time\" content=\"2024-07-15T10:18:09+00:00\" \/>\n<meta property=\"og:image\" content=\"http:\/\/palo1.lobostudio.pl\/wp-content\/uploads\/2024\/02\/spa-1024x640.webp\" \/>\n<meta name=\"twitter:card\" content=\"summary_large_image\" \/>\n<meta name=\"twitter:label1\" content=\"Est. reading time\" \/>\n\t<meta name=\"twitter:data1\" content=\"3 minuty\" \/>\n<script type=\"application\/ld+json\" class=\"yoast-schema-graph\">{\"@context\":\"https:\/\/schema.org\",\"@graph\":[{\"@type\":\"WebPage\",\"@id\":\"https:\/\/palo1.lobostudio.pl\/jak-to-dziala\/wellness\/\",\"url\":\"https:\/\/palo1.lobostudio.pl\/jak-to-dziala\/wellness\/\",\"name\":\"Zastosowanie kom\u00f3r hiperbarycznych w Wellness i Spa - Oxymatic\",\"isPartOf\":{\"@id\":\"https:\/\/palo1.lobostudio.pl\/#website\"},\"primaryImageOfPage\":{\"@id\":\"https:\/\/palo1.lobostudio.pl\/jak-to-dziala\/wellness\/#primaryimage\"},\"image\":{\"@id\":\"https:\/\/palo1.lobostudio.pl\/jak-to-dziala\/wellness\/#primaryimage\"},\"thumbnailUrl\":\"http:\/\/palo1.lobostudio.pl\/wp-content\/uploads\/2024\/02\/spa-1024x640.webp\",\"datePublished\":\"2024-07-05T12:54:19+00:00\",\"dateModified\":\"2024-07-15T10:18:09+00:00\",\"description\":\"Dowiedz si\u0119, jak komora hiperbaryczna mo\u017ce przyczyni\u0107 si\u0119 do rozwoju Twojego biznesu w bran\u017cy Wellness i Spa. HBOT to tlenoterapia pod ci\u015bnieniem.\",\"breadcrumb\":{\"@id\":\"https:\/\/palo1.lobostudio.pl\/jak-to-dziala\/wellness\/#breadcrumb\"},\"inLanguage\":\"cs\",\"potentialAction\":[{\"@type\":\"ReadAction\",\"target\":[\"https:\/\/palo1.lobostudio.pl\/jak-to-dziala\/wellness\/\"]}]},{\"@type\":\"ImageObject\",\"inLanguage\":\"cs\",\"@id\":\"https:\/\/palo1.lobostudio.pl\/jak-to-dziala\/wellness\/#primaryimage\",\"url\":\"http:\/\/palo1.lobostudio.pl\/wp-content\/uploads\/2024\/02\/spa-1024x640.webp\",\"contentUrl\":\"http:\/\/palo1.lobostudio.pl\/wp-content\/uploads\/2024\/02\/spa-1024x640.webp\"},{\"@type\":\"BreadcrumbList\",\"@id\":\"https:\/\/palo1.lobostudio.pl\/jak-to-dziala\/wellness\/#breadcrumb\",\"itemListElement\":[{\"@type\":\"ListItem\",\"position\":1,\"name\":\"Home\",\"item\":\"https:\/\/palo1.lobostudio.pl\/\"},{\"@type\":\"ListItem\",\"position\":2,\"name\":\"Jak to dzia\u0142a?\",\"item\":\"https:\/\/palo1.lobostudio.pl\/jak-to-dziala\/\"},{\"@type\":\"ListItem\",\"position\":3,\"name\":\"Zastosowanie kom\u00f3r hiperbarycznych w Wellness i Spa\"}]},{\"@type\":\"WebSite\",\"@id\":\"https:\/\/palo1.lobostudio.pl\/#website\",\"url\":\"https:\/\/palo1.lobostudio.pl\/\",\"name\":\"Oxymatic - komory hiperbaryczne\",\"description\":\"komory hiperbaryczne mHBOT\",\"publisher\":{\"@id\":\"https:\/\/palo1.lobostudio.pl\/#organization\"},\"potentialAction\":[{\"@type\":\"SearchAction\",\"target\":{\"@type\":\"EntryPoint\",\"urlTemplate\":\"https:\/\/palo1.lobostudio.pl\/?s={search_term_string}\"},\"query-input\":\"required name=search_term_string\"}],\"inLanguage\":\"cs\"},{\"@type\":\"Organization\",\"@id\":\"https:\/\/palo1.lobostudio.pl\/#organization\",\"name\":\"Oxymatic\",\"url\":\"https:\/\/palo1.lobostudio.pl\/\",\"logo\":{\"@type\":\"ImageObject\",\"inLanguage\":\"cs\",\"@id\":\"https:\/\/palo1.lobostudio.pl\/#\/schema\/logo\/image\/\",\"url\":\"http:\/\/palo1.lobostudio.pl\/wp-content\/uploads\/2023\/12\/Oxymatic-logo-green-1.svg\",\"contentUrl\":\"http:\/\/palo1.lobostudio.pl\/wp-content\/uploads\/2023\/12\/Oxymatic-logo-green-1.svg\",\"width\":195,\"height\":43,\"caption\":\"Oxymatic\"},\"image\":{\"@id\":\"https:\/\/palo1.lobostudio.pl\/#\/schema\/logo\/image\/\"},\"sameAs\":[\"https:\/\/www.facebook.com\/p\/Oxymatic-61558663586440\/\"]}]}<\/script>\n<!-- \/ Yoast SEO plugin. -->","yoast_head_json":{"title":"Zastosowanie kom\u00f3r hiperbarycznych w Wellness i Spa - Oxymatic","description":"Dowiedz si\u0119, jak komora hiperbaryczna mo\u017ce przyczyni\u0107 si\u0119 do rozwoju Twojego biznesu w bran\u017cy Wellness i Spa. HBOT to tlenoterapia pod ci\u015bnieniem.","robots":{"index":"noindex","follow":"follow","max-snippet":"max-snippet:-1","max-image-preview":"max-image-preview:large","max-video-preview":"max-video-preview:-1"},"og_locale":"cs_CZ","og_type":"article","og_title":"Zastosowanie kom\u00f3r hiperbarycznych w Wellness i Spa - Oxymatic","og_description":"Dowiedz si\u0119, jak komora hiperbaryczna mo\u017ce przyczyni\u0107 si\u0119 do rozwoju Twojego biznesu w bran\u017cy Wellness i Spa. HBOT to tlenoterapia pod ci\u015bnieniem.","og_url":"https:\/\/palo1.lobostudio.pl\/cs\/jak-to-dziala\/wellness\/","og_site_name":"Oxymatic","article_publisher":"https:\/\/www.facebook.com\/p\/Oxymatic-61558663586440\/","article_modified_time":"2024-07-15T10:18:09+00:00","og_image":[{"url":"http:\/\/palo1.lobostudio.pl\/wp-content\/uploads\/2024\/02\/spa-1024x640.webp"}],"twitter_card":"summary_large_image","twitter_misc":{"Est. reading time":"3 minuty"},"schema":{"@context":"https:\/\/schema.org","@graph":[{"@type":"WebPage","@id":"https:\/\/palo1.lobostudio.pl\/jak-to-dziala\/wellness\/","url":"https:\/\/palo1.lobostudio.pl\/jak-to-dziala\/wellness\/","name":"Zastosowanie kom\u00f3r hiperbarycznych w Wellness i Spa - Oxymatic","isPartOf":{"@id":"https:\/\/palo1.lobostudio.pl\/#website"},"primaryImageOfPage":{"@id":"https:\/\/palo1.lobostudio.pl\/jak-to-dziala\/wellness\/#primaryimage"},"image":{"@id":"https:\/\/palo1.lobostudio.pl\/jak-to-dziala\/wellness\/#primaryimage"},"thumbnailUrl":"http:\/\/palo1.lobostudio.pl\/wp-content\/uploads\/2024\/02\/spa-1024x640.webp","datePublished":"2024-07-05T12:54:19+00:00","dateModified":"2024-07-15T10:18:09+00:00","description":"Dowiedz si\u0119, jak komora hiperbaryczna mo\u017ce przyczyni\u0107 si\u0119 do rozwoju Twojego biznesu w bran\u017cy Wellness i Spa. HBOT to tlenoterapia pod ci\u015bnieniem.","breadcrumb":{"@id":"https:\/\/palo1.lobostudio.pl\/jak-to-dziala\/wellness\/#breadcrumb"},"inLanguage":"cs","potentialAction":[{"@type":"ReadAction","target":["https:\/\/palo1.lobostudio.pl\/jak-to-dziala\/wellness\/"]}]},{"@type":"ImageObject","inLanguage":"cs","@id":"https:\/\/palo1.lobostudio.pl\/jak-to-dziala\/wellness\/#primaryimage","url":"http:\/\/palo1.lobostudio.pl\/wp-content\/uploads\/2024\/02\/spa-1024x640.webp","contentUrl":"http:\/\/palo1.lobostudio.pl\/wp-content\/uploads\/2024\/02\/spa-1024x640.webp"},{"@type":"BreadcrumbList","@id":"https:\/\/palo1.lobostudio.pl\/jak-to-dziala\/wellness\/#breadcrumb","itemListElement":[{"@type":"ListItem","position":1,"name":"Home","item":"https:\/\/palo1.lobostudio.pl\/"},{"@type":"ListItem","position":2,"name":"Jak to dzia\u0142a?","item":"https:\/\/palo1.lobostudio.pl\/jak-to-dziala\/"},{"@type":"ListItem","position":3,"name":"Zastosowanie kom\u00f3r hiperbarycznych w Wellness i Spa"}]},{"@type":"WebSite","@id":"https:\/\/palo1.lobostudio.pl\/#website","url":"https:\/\/palo1.lobostudio.pl\/","name":"Oxymatic - komory hiperbaryczne","description":"komory hiperbaryczne mHBOT","publisher":{"@id":"https:\/\/palo1.lobostudio.pl\/#organization"},"potentialAction":[{"@type":"SearchAction","target":{"@type":"EntryPoint","urlTemplate":"https:\/\/palo1.lobostudio.pl\/?s={search_term_string}"},"query-input":"required name=search_term_string"}],"inLanguage":"cs"},{"@type":"Organization","@id":"https:\/\/palo1.lobostudio.pl\/#organization","name":"Oxymatic","url":"https:\/\/palo1.lobostudio.pl\/","logo":{"@type":"ImageObject","inLanguage":"cs","@id":"https:\/\/palo1.lobostudio.pl\/#\/schema\/logo\/image\/","url":"http:\/\/palo1.lobostudio.pl\/wp-content\/uploads\/2023\/12\/Oxymatic-logo-green-1.svg","contentUrl":"http:\/\/palo1.lobostudio.pl\/wp-content\/uploads\/2023\/12\/Oxymatic-logo-green-1.svg","width":195,"height":43,"caption":"Oxymatic"},"image":{"@id":"https:\/\/palo1.lobostudio.pl\/#\/schema\/logo\/image\/"},"sameAs":["https:\/\/www.facebook.com\/p\/Oxymatic-61558663586440\/"]}]}},"_links":{"self":[{"href":"https:\/\/palo1.lobostudio.pl\/cs\/wp-json\/wp\/v2\/pages\/2167","targetHints":{"allow":["GET"]}}],"collection":[{"href":"https:\/\/palo1.lobostudio.pl\/cs\/wp-json\/wp\/v2\/pages"}],"about":[{"href":"https:\/\/palo1.lobostudio.pl\/cs\/wp-json\/wp\/v2\/types\/page"}],"author":[{"embeddable":true,"href":"https:\/\/palo1.lobostudio.pl\/cs\/wp-json\/wp\/v2\/users\/1"}],"replies":[{"embeddable":true,"href":"https:\/\/palo1.lobostudio.pl\/cs\/wp-json\/wp\/v2\/comments?post=2167"}],"version-history":[{"count":0,"href":"https:\/\/palo1.lobostudio.pl\/cs\/wp-json\/wp\/v2\/pages\/2167\/revisions"}],"up":[{"embeddable":true,"href":"https:\/\/palo1.lobostudio.pl\/cs\/wp-json\/wp\/v2\/pages\/930"}],"wp:attachment":[{"href":"https:\/\/palo1.lobostudio.pl\/cs\/wp-json\/wp\/v2\/media?parent=2167"}],"curies":[{"name":"wp","href":"https:\/\/api.w.org\/{rel}","templated":true}]}}