{"id":2194,"date":"2024-07-05T13:34:16","date_gmt":"2024-07-05T13:34:16","guid":{"rendered":"https:\/\/palo1.lobostudio.pl\/?page_id=2194"},"modified":"2024-07-15T10:26:44","modified_gmt":"2024-07-15T10:26:44","slug":"fizjoterapia","status":"publish","type":"page","link":"https:\/\/palo1.lobostudio.pl\/cs\/jak-to-dziala\/fizjoterapia\/","title":{"rendered":"Komora hiperbaryczna w fizjoterapii. Tlenoterapia a rehabilitacja."},"content":{"rendered":"<div data-elementor-type=\"wp-page\" data-elementor-id=\"2194\" class=\"elementor elementor-2194\" data-elementor-post-type=\"page\">\n\t\t\t\t<div class=\"elementor-element elementor-element-d41e1a3 e-flex e-con-boxed e-con e-child\" data-id=\"d41e1a3\" data-element_type=\"container\" data-settings=\"{&quot;background_background&quot;:&quot;classic&quot;,&quot;shape_divider_bottom&quot;:&quot;mountains&quot;}\">\n\t\t\t\t\t<div class=\"e-con-inner\">\n\t\t\t\t<div class=\"elementor-shape elementor-shape-bottom\" aria-hidden=\"true\" data-negative=\"false\">\n\t\t\t<svg xmlns=\"http:\/\/www.w3.org\/2000\/svg\" viewbox=\"0 0 1000 100\" preserveaspectratio=\"none\">\n\t<path class=\"elementor-shape-fill\" opacity=\"0.33\" d=\"M473,67.3c-203.9,88.3-263.1-34-320.3,0C66,119.1,0,59.7,0,59.7V0h1000v59.7 c0,0-62.1,26.1-94.9,29.3c-32.8,3.3-62.8-12.3-75.8-22.1C806,49.6,745.3,8.7,694.9,4.7S492.4,59,473,67.3z\"\/>\n\t<path class=\"elementor-shape-fill\" opacity=\"0.66\" d=\"M734,67.3c-45.5,0-77.2-23.2-129.1-39.1c-28.6-8.7-150.3-10.1-254,39.1 s-91.7-34.4-149.2,0C115.7,118.3,0,39.8,0,39.8V0h1000v36.5c0,0-28.2-18.5-92.1-18.5C810.2,18.1,775.7,67.3,734,67.3z\"\/>\n\t<path class=\"elementor-shape-fill\" d=\"M766.1,28.9c-200-57.5-266,65.5-395.1,19.5C242,1.8,242,5.4,184.8,20.6C128,35.8,132.3,44.9,89.9,52.5C28.6,63.7,0,0,0,0 h1000c0,0-9.9,40.9-83.6,48.1S829.6,47,766.1,28.9z\"\/>\n<\/svg>\t\t<\/div>\n\t\t\t\t<div class=\"elementor-element elementor-element-6ec34d7 elementor-absolute elementor-invisible elementor-widget elementor-widget-heading\" data-id=\"6ec34d7\" data-element_type=\"widget\" data-settings=\"{&quot;_position&quot;:&quot;absolute&quot;,&quot;motion_fx_motion_fx_scrolling&quot;:&quot;yes&quot;,&quot;motion_fx_translateY_effect&quot;:&quot;yes&quot;,&quot;_animation&quot;:&quot;fadeIn&quot;,&quot;_animation_delay&quot;:500,&quot;motion_fx_translateY_speed&quot;:{&quot;unit&quot;:&quot;px&quot;,&quot;size&quot;:4,&quot;sizes&quot;:[]},&quot;motion_fx_translateY_affectedRange&quot;:{&quot;unit&quot;:&quot;%&quot;,&quot;size&quot;:&quot;&quot;,&quot;sizes&quot;:{&quot;start&quot;:0,&quot;end&quot;:100}},&quot;motion_fx_devices&quot;:[&quot;desktop&quot;,&quot;tablet&quot;,&quot;mobile&quot;]}\" data-widget_type=\"heading.default\">\n\t\t\t\t<div class=\"elementor-widget-container\">\n\t\t\t\t\t<h2 class=\"elementor-heading-title elementor-size-default\">fizjoterapia<\/h2>\t\t\t\t<\/div>\n\t\t\t\t<\/div>\n\t\t\t\t<div class=\"elementor-element elementor-element-792ab09 elementor-widget__width-initial elementor-widget-tablet__width-initial elementor-absolute elementor-invisible elementor-widget elementor-widget-image\" data-id=\"792ab09\" data-element_type=\"widget\" data-settings=\"{&quot;_position&quot;:&quot;absolute&quot;,&quot;_animation&quot;:&quot;fadeIn&quot;}\" data-widget_type=\"image.default\">\n\t\t\t\t<div class=\"elementor-widget-container\">\n\t\t\t\t\t\t\t\t\t\t\t\t\t\t\t<img fetchpriority=\"high\" decoding=\"async\" width=\"800\" height=\"500\" src=\"https:\/\/palo1.lobostudio.pl\/wp-content\/uploads\/2024\/02\/spa-1024x640.webp\" class=\"attachment-large size-large wp-image-469\" alt=\"\" srcset=\"https:\/\/palo1.lobostudio.pl\/wp-content\/uploads\/2024\/02\/spa-1024x640.webp 1024w, https:\/\/palo1.lobostudio.pl\/wp-content\/uploads\/2024\/02\/spa-300x188.webp 300w, https:\/\/palo1.lobostudio.pl\/wp-content\/uploads\/2024\/02\/spa-768x480.webp 768w, https:\/\/palo1.lobostudio.pl\/wp-content\/uploads\/2024\/02\/spa.webp 1200w\" sizes=\"(max-width: 800px) 100vw, 800px\" \/>\t\t\t\t\t\t\t\t\t\t\t\t\t\t\t<\/div>\n\t\t\t\t<\/div>\n\t\t<div class=\"elementor-element elementor-element-2fc68d9 e-con-full e-flex elementor-invisible e-con e-child\" data-id=\"2fc68d9\" data-element_type=\"container\" data-settings=\"{&quot;background_background&quot;:&quot;classic&quot;,&quot;animation&quot;:&quot;fadeInRight&quot;}\">\n\t\t\t\t<div class=\"elementor-element elementor-element-688359e elementor-widget__width-initial elementor-widget elementor-widget-text-editor\" data-id=\"688359e\" data-element_type=\"widget\" data-widget_type=\"text-editor.default\">\n\t\t\t\t<div class=\"elementor-widget-container\">\n\t\t\t\t\t\t\t\t\t<h1 class=\"western\">Zastosowanie kom\u00f3r hiperbarycznych w fizjoterapii<\/h1>\t\t\t\t\t\t\t\t<\/div>\n\t\t\t\t<\/div>\n\t\t\t\t<div class=\"elementor-element elementor-element-a47266f elementor-widget__width-initial elementor-widget elementor-widget-text-editor\" data-id=\"a47266f\" data-element_type=\"widget\" data-widget_type=\"text-editor.default\">\n\t\t\t\t<div class=\"elementor-widget-container\">\n\t\t\t\t\t\t\t\t\t<p>W dziedzinie fizjoterapii poszukuje si\u0119 nowoczesnych metod wspomagaj\u0105cych procesy leczenia pacjent\u00f3w. Jednym z takich innowacyjnych rozwi\u0105za\u0144 jest tlenoterapia hiperbaryczna, kt\u00f3ra przynosi liczne korzy\u015bci terapeutyczne. Wprowadzenie do oferty zabiegowej sesji w \u0142agodnej komorze hiperbarycznej stanowi uzupe\u0142nienie i wsparcie ca\u0142ego procesu terapii. Oto, jak \u0142agodne komory hiperbaryczne mog\u0105 wspiera\u0107 fizjoterapeut\u00f3w i przyspiesza\u0107 powr\u00f3t pacjent\u00f3w do pe\u0142nej sprawno\u015bci.<\/p>\t\t\t\t\t\t\t\t<\/div>\n\t\t\t\t<\/div>\n\t\t\t\t<\/div>\n\t\t\t\t\t<\/div>\n\t\t\t\t<\/div>\n\t\t<div class=\"elementor-element elementor-element-a18815a e-flex e-con-boxed e-con e-child\" data-id=\"a18815a\" data-element_type=\"container\" id=\"fizjoterapia\" data-settings=\"{&quot;background_background&quot;:&quot;classic&quot;}\">\n\t\t\t\t\t<div class=\"e-con-inner\">\n\t\t<div class=\"elementor-element elementor-element-bdc6dec e-flex e-con-boxed e-con e-child\" data-id=\"bdc6dec\" data-element_type=\"container\" data-settings=\"{&quot;background_background&quot;:&quot;classic&quot;}\">\n\t\t\t\t\t<div class=\"e-con-inner\">\n\t\t\t\t<div class=\"elementor-element elementor-element-41a062c elementor-widget elementor-widget-text-editor\" data-id=\"41a062c\" data-element_type=\"widget\" data-widget_type=\"text-editor.default\">\n\t\t\t\t<div class=\"elementor-widget-container\">\n\t\t\t\t\t\t\t\t\t<h2><strong>Zastosowanie kom\u00f3r hiperbarycznych w fizjoterapii<\/strong><\/h2><p>W dziedzinie fizjoterapii poszukuje si\u0119 nowoczesnych metod wspomagaj\u0105cych procesy leczenia pacjent\u00f3w z r\u00f3\u017cnymi schorzeniami. Jednym z takich innowacyjnych rozwi\u0105za\u0144 jest tlenoterapia hiperbaryczna, kt\u00f3ra przynosi liczne korzy\u015bci terapeutyczne. Wprowadzenie do oferty zabiegowej sesji w \u0142agodnej komorze hiperbarycznej stanowi uzupe\u0142nienie i wsparcie ca\u0142ego procesu terapii. Oto, jak \u0142agodne komory hiperbaryczne mog\u0105 wspiera\u0107 fizjoterapeut\u00f3w i przyspiesza\u0107 powr\u00f3t pacjent\u00f3w do pe\u0142nej sprawno\u015bci.<\/p><h2><strong>Przyspieszenie proces\u00f3w gojenia<\/strong><\/h2><p>Hiperbaria znacz\u0105co przyspiesza gojenie si\u0119 ran i uraz\u00f3w. Dzi\u0119ki podwy\u017cszonemu ci\u015bnieniu atmosferycznemu uzyskuje si\u0119 wysokie st\u0119\u017cenie tlenu w obr\u0119bie uszkodzonych tkanek, wspomaga proces regeneracji kom\u00f3rek i przyspiesza gojenie, co jest kluczowe dla os\u00f3b po operacjach lub urazach. Terapia tlenowa wspiera procesy naprawcze, co <strong>skraca czas odnowy tkanek<\/strong>.<\/p><h2><strong>Redukcja stanu zapalnego i b\u00f3lu<\/strong><\/h2><p>Przewlek\u0142e stany zapalne s\u0105 cz\u0119st\u0105 przyczyn\u0105 b\u00f3lu i dyskomfortu. Terapia hiperbaryczna ma dzia\u0142anie przeciwzapalne, <strong>pomaga zmniejszy\u0107 obrz\u0119k i b\u00f3l<\/strong>. Zwi\u0119kszony dop\u0142yw tlenu do tkanek przyspiesza usuwanie produkt\u00f3w przemiany materii i zmniejsza stan zapalny, co poprawia komfort pacjenta i efektywno\u015b\u0107 terapii.<\/p><h2><strong>Poprawa kr\u0105\u017cenia krwi i limfy<\/strong><\/h2><p>Poprawa funkcjonowania uk\u0142adu kr\u0105\u017cenia jest wa\u017cnym elementem w fizjoterapii. Zabiegi w\u00a0komorze mHBOT wspieraj\u0105\u00a0<strong>rozszerzanie naczy\u0144 krwiono\u015bnych<\/strong> i popraw\u0119 przep\u0142ywu krwi, co zapewnia lepsze od\u017cywienie i dotlenienie tkanek. Wysoki poziom dotlenienia wspiera prac\u0119 serca oraz kr\u0105\u017cenie obwodowe. Wykazano r\u00f3wnie\u017c wp\u0142yw tlenu hiperbarycznego na redukcj\u0119 obrz\u0119ku limfatycznego.<\/p><h2><strong>Terapia poudarowa<\/strong><\/h2><p>Zwi\u0119kszona poda\u017c tlenu w trakcie sesji tlenoterapii mHBOT <strong>zwi\u0119ksza neuroplastyczno\u015b\u0107<\/strong> oraz wspiera proces odzyskiwania funkcji m\u00f3zgu. Terapia ta mo\u017ce pom\u00f3c w regeneracji uszkodzonych tkanek m\u00f3zgu, poprawi\u0107 kr\u0105\u017cenie krwi w jego obr\u0119bie, a tak\u017ce wspomaga\u0107 procesy naprawcze i regeneracyjne nerw\u00f3w.<\/p><h2><strong>Rehabilitacja pocovidowa:<\/strong><\/h2><p>\u0141agodna tlenoterapia hiperbaryczna wspiera chorych, u kt\u00f3rych w wyniku COVID-19 dosz\u0142o do pogorszenia sprawno\u015bci uk\u0142adu oddechowego, zaburze\u0144 neurologicznych i innych problem\u00f3w zwi\u0105zanych z <strong>tzw. \u201ezespo\u0142em pocovidowym<\/strong>\u201d.<\/p><p>\u00a0<\/p><p>\u0141agodna terapia hiperbaryczna stanowi warto\u015bciowe uzupe\u0142nienie metod stosowanych w fizjoterapii. Dzi\u0119ki przyspieszeniu proces\u00f3w gojenia, redukcji stanu zapalnego, poprawie kr\u0105\u017cenia krwi, hiperbaria tlenowa\u00a0mo\u017ce znacz\u0105co skr\u00f3ci\u0107 czas powrotu pacjent\u00f3w do pe\u0142nej sprawno\u015bci.<\/p><p>\u00a0<\/p><p>\u0179r\u00f3d\u0142a:<\/p><p>[1] Siero\u0144, A., Cie\u015blar, G., &amp; Kawecki, M. (2022). Zarys medycyny hiperbarycznej z elementami terapii skojarzonej.<\/p><p>[2] Ishihara, A. (2019). Mild hyperbaric oxygen: mechanisms and effects. Journal of Physiological Sciences.<\/p>\t\t\t\t\t\t\t\t<\/div>\n\t\t\t\t<\/div>\n\t\t\t\t\t<\/div>\n\t\t\t\t<\/div>\n\t\t\t\t\t<\/div>\n\t\t\t\t<\/div>\n\t\t<div class=\"elementor-element elementor-element-49e3f22 e-flex e-con-boxed e-con e-parent\" data-id=\"49e3f22\" data-element_type=\"container\">\n\t\t\t\t\t<div class=\"e-con-inner\">\n\t\t<div class=\"elementor-element elementor-element-f2d34fc e-con-full e-flex e-con e-child\" data-id=\"f2d34fc\" data-element_type=\"container\">\n\t\t\t\t<div class=\"elementor-element elementor-element-5577148 elementor-widget__width-initial elementor-invisible elementor-widget elementor-widget-image\" data-id=\"5577148\" data-element_type=\"widget\" data-settings=\"{&quot;_animation&quot;:&quot;fadeIn&quot;}\" data-widget_type=\"image.default\">\n\t\t\t\t<div class=\"elementor-widget-container\">\n\t\t\t\t\t\t\t\t\t\t\t\t\t\t\t<img decoding=\"async\" width=\"800\" height=\"728\" src=\"https:\/\/palo1.lobostudio.pl\/wp-content\/uploads\/2024\/03\/1-1024x932.webp\" class=\"attachment-large size-large wp-image-962\" alt=\"\" srcset=\"https:\/\/palo1.lobostudio.pl\/wp-content\/uploads\/2024\/03\/1-1024x932.webp 1024w, https:\/\/palo1.lobostudio.pl\/wp-content\/uploads\/2024\/03\/1-300x273.webp 300w, https:\/\/palo1.lobostudio.pl\/wp-content\/uploads\/2024\/03\/1-768x699.webp 768w, https:\/\/palo1.lobostudio.pl\/wp-content\/uploads\/2024\/03\/1.webp 1267w\" sizes=\"(max-width: 800px) 100vw, 800px\" \/>\t\t\t\t\t\t\t\t\t\t\t\t\t\t\t<\/div>\n\t\t\t\t<\/div>\n\t\t\t\t<\/div>\n\t\t<div class=\"elementor-element elementor-element-73500e4 e-con-full e-flex e-con e-child\" data-id=\"73500e4\" data-element_type=\"container\" data-settings=\"{&quot;background_background&quot;:&quot;classic&quot;}\">\n\t\t\t\t<div class=\"elementor-element elementor-element-8b4eeea elementor-invisible elementor-widget elementor-widget-heading\" data-id=\"8b4eeea\" data-element_type=\"widget\" data-settings=\"{&quot;_animation&quot;:&quot;fadeInLeft&quot;,&quot;_animation_delay&quot;:1000}\" data-widget_type=\"heading.default\">\n\t\t\t\t<div class=\"elementor-widget-container\">\n\t\t\t\t\t<h2 class=\"elementor-heading-title elementor-size-default\">Dowiedz si\u0119 wi\u0119cej <br>o szkoleniach Oxymatic<sup>\u00ae<\/h2>\t\t\t\t<\/div>\n\t\t\t\t<\/div>\n\t\t\t\t<div class=\"elementor-element elementor-element-ecfb95e elementor-invisible elementor-widget elementor-widget-button\" data-id=\"ecfb95e\" data-element_type=\"widget\" data-settings=\"{&quot;_animation&quot;:&quot;fadeInLeft&quot;,&quot;_animation_delay&quot;:1000}\" data-widget_type=\"button.default\">\n\t\t\t\t<div class=\"elementor-widget-container\">\n\t\t\t\t\t\t\t\t\t<div class=\"elementor-button-wrapper\">\n\t\t\t\t\t<a class=\"elementor-button elementor-button-link elementor-size-sm elementor-animation-sink\" href=\"https:\/\/palo1.lobostudio.pl\/cs\/szkolenia\/\">\n\t\t\t\t\t\t<span class=\"elementor-button-content-wrapper\">\n\t\t\t\t\t\t\t\t\t<span class=\"elementor-button-text\">Zobacz<\/span>\n\t\t\t\t\t<\/span>\n\t\t\t\t\t<\/a>\n\t\t\t\t<\/div>\n\t\t\t\t\t\t\t\t<\/div>\n\t\t\t\t<\/div>\n\t\t\t\t<\/div>\n\t\t\t\t\t<\/div>\n\t\t\t\t<\/div>\n\t\t<div class=\"elementor-element elementor-element-d1ce30c e-con-full e-flex e-con e-parent\" data-id=\"d1ce30c\" data-element_type=\"container\" data-settings=\"{&quot;background_background&quot;:&quot;classic&quot;}\">\n\t\t\t\t<\/div>\n\t\t\t\t<\/div>","protected":false},"excerpt":{"rendered":"<p>fizjoterapia Zastosowanie kom\u00f3r hiperbarycznych w fizjoterapii W dziedzinie fizjoterapii poszukuje si\u0119 nowoczesnych metod wspomagaj\u0105cych procesy leczenia pacjent\u00f3w. Jednym z takich innowacyjnych rozwi\u0105za\u0144 jest tlenoterapia hiperbaryczna, kt\u00f3ra przynosi liczne korzy\u015bci terapeutyczne. Wprowadzenie do oferty zabiegowej sesji w \u0142agodnej komorze hiperbarycznej stanowi uzupe\u0142nienie i wsparcie ca\u0142ego procesu terapii. Oto, jak \u0142agodne komory hiperbaryczne mog\u0105 wspiera\u0107 fizjoterapeut\u00f3w i [&hellip;]<\/p>","protected":false},"author":1,"featured_media":0,"parent":930,"menu_order":0,"comment_status":"closed","ping_status":"closed","template":"elementor_header_footer","meta":{"_acf_changed":false,"inline_featured_image":false,"footnotes":""},"class_list":["post-2194","page","type-page","status-publish","hentry"],"acf":[],"yoast_head":"<!-- This site is optimized with the Yoast SEO plugin v22.4 - https:\/\/yoast.com\/wordpress\/plugins\/seo\/ -->\n<title>Komora hiperbaryczna w fizjoterapii. Tlenoterapia a rehabilitacja. - Oxymatic<\/title>\n<meta name=\"description\" content=\"Dowiedz si\u0119, jak komora hiperbaryczna wspomaga dzia\u0142alno\u015b\u0107 fizjoterapeuty. Tlenoterapia HBOT (terapia tlenem pod ci\u015bnieniem) jako metoda fizjoterapii.\" \/>\n<meta name=\"robots\" content=\"noindex, follow, max-snippet:-1, max-image-preview:large, max-video-preview:-1\" \/>\n<meta property=\"og:locale\" content=\"cs_CZ\" \/>\n<meta property=\"og:type\" content=\"article\" \/>\n<meta property=\"og:title\" content=\"Komora hiperbaryczna w fizjoterapii. Tlenoterapia a rehabilitacja. - Oxymatic\" \/>\n<meta property=\"og:description\" content=\"Dowiedz si\u0119, jak komora hiperbaryczna wspomaga dzia\u0142alno\u015b\u0107 fizjoterapeuty. Tlenoterapia HBOT (terapia tlenem pod ci\u015bnieniem) jako metoda fizjoterapii.\" \/>\n<meta property=\"og:url\" content=\"https:\/\/palo1.lobostudio.pl\/cs\/jak-to-dziala\/fizjoterapia\/\" \/>\n<meta property=\"og:site_name\" content=\"Oxymatic\" \/>\n<meta property=\"article:publisher\" content=\"https:\/\/www.facebook.com\/p\/Oxymatic-61558663586440\/\" \/>\n<meta property=\"article:modified_time\" content=\"2024-07-15T10:26:44+00:00\" \/>\n<meta property=\"og:image\" content=\"http:\/\/palo1.lobostudio.pl\/wp-content\/uploads\/2024\/02\/spa-1024x640.webp\" \/>\n<meta name=\"twitter:card\" content=\"summary_large_image\" \/>\n<meta name=\"twitter:label1\" content=\"Est. reading time\" \/>\n\t<meta name=\"twitter:data1\" content=\"3 minuty\" \/>\n<script type=\"application\/ld+json\" class=\"yoast-schema-graph\">{\"@context\":\"https:\/\/schema.org\",\"@graph\":[{\"@type\":\"WebPage\",\"@id\":\"https:\/\/palo1.lobostudio.pl\/jak-to-dziala\/fizjoterapia\/\",\"url\":\"https:\/\/palo1.lobostudio.pl\/jak-to-dziala\/fizjoterapia\/\",\"name\":\"Komora hiperbaryczna w fizjoterapii. Tlenoterapia a rehabilitacja. - Oxymatic\",\"isPartOf\":{\"@id\":\"https:\/\/palo1.lobostudio.pl\/#website\"},\"primaryImageOfPage\":{\"@id\":\"https:\/\/palo1.lobostudio.pl\/jak-to-dziala\/fizjoterapia\/#primaryimage\"},\"image\":{\"@id\":\"https:\/\/palo1.lobostudio.pl\/jak-to-dziala\/fizjoterapia\/#primaryimage\"},\"thumbnailUrl\":\"http:\/\/palo1.lobostudio.pl\/wp-content\/uploads\/2024\/02\/spa-1024x640.webp\",\"datePublished\":\"2024-07-05T13:34:16+00:00\",\"dateModified\":\"2024-07-15T10:26:44+00:00\",\"description\":\"Dowiedz si\u0119, jak komora hiperbaryczna wspomaga dzia\u0142alno\u015b\u0107 fizjoterapeuty. Tlenoterapia HBOT (terapia tlenem pod ci\u015bnieniem) jako metoda fizjoterapii.\",\"breadcrumb\":{\"@id\":\"https:\/\/palo1.lobostudio.pl\/jak-to-dziala\/fizjoterapia\/#breadcrumb\"},\"inLanguage\":\"cs\",\"potentialAction\":[{\"@type\":\"ReadAction\",\"target\":[\"https:\/\/palo1.lobostudio.pl\/jak-to-dziala\/fizjoterapia\/\"]}]},{\"@type\":\"ImageObject\",\"inLanguage\":\"cs\",\"@id\":\"https:\/\/palo1.lobostudio.pl\/jak-to-dziala\/fizjoterapia\/#primaryimage\",\"url\":\"http:\/\/palo1.lobostudio.pl\/wp-content\/uploads\/2024\/02\/spa-1024x640.webp\",\"contentUrl\":\"http:\/\/palo1.lobostudio.pl\/wp-content\/uploads\/2024\/02\/spa-1024x640.webp\"},{\"@type\":\"BreadcrumbList\",\"@id\":\"https:\/\/palo1.lobostudio.pl\/jak-to-dziala\/fizjoterapia\/#breadcrumb\",\"itemListElement\":[{\"@type\":\"ListItem\",\"position\":1,\"name\":\"Home\",\"item\":\"https:\/\/palo1.lobostudio.pl\/\"},{\"@type\":\"ListItem\",\"position\":2,\"name\":\"Jak to dzia\u0142a?\",\"item\":\"https:\/\/palo1.lobostudio.pl\/jak-to-dziala\/\"},{\"@type\":\"ListItem\",\"position\":3,\"name\":\"Komora hiperbaryczna w fizjoterapii. Tlenoterapia a rehabilitacja.\"}]},{\"@type\":\"WebSite\",\"@id\":\"https:\/\/palo1.lobostudio.pl\/#website\",\"url\":\"https:\/\/palo1.lobostudio.pl\/\",\"name\":\"Oxymatic - komory hiperbaryczne\",\"description\":\"komory hiperbaryczne mHBOT\",\"publisher\":{\"@id\":\"https:\/\/palo1.lobostudio.pl\/#organization\"},\"potentialAction\":[{\"@type\":\"SearchAction\",\"target\":{\"@type\":\"EntryPoint\",\"urlTemplate\":\"https:\/\/palo1.lobostudio.pl\/?s={search_term_string}\"},\"query-input\":\"required name=search_term_string\"}],\"inLanguage\":\"cs\"},{\"@type\":\"Organization\",\"@id\":\"https:\/\/palo1.lobostudio.pl\/#organization\",\"name\":\"Oxymatic\",\"url\":\"https:\/\/palo1.lobostudio.pl\/\",\"logo\":{\"@type\":\"ImageObject\",\"inLanguage\":\"cs\",\"@id\":\"https:\/\/palo1.lobostudio.pl\/#\/schema\/logo\/image\/\",\"url\":\"http:\/\/palo1.lobostudio.pl\/wp-content\/uploads\/2023\/12\/Oxymatic-logo-green-1.svg\",\"contentUrl\":\"http:\/\/palo1.lobostudio.pl\/wp-content\/uploads\/2023\/12\/Oxymatic-logo-green-1.svg\",\"width\":195,\"height\":43,\"caption\":\"Oxymatic\"},\"image\":{\"@id\":\"https:\/\/palo1.lobostudio.pl\/#\/schema\/logo\/image\/\"},\"sameAs\":[\"https:\/\/www.facebook.com\/p\/Oxymatic-61558663586440\/\"]}]}<\/script>\n<!-- \/ Yoast SEO plugin. -->","yoast_head_json":{"title":"Komora hiperbaryczna w fizjoterapii. Tlenoterapia a rehabilitacja. - Oxymatic","description":"Dowiedz si\u0119, jak komora hiperbaryczna wspomaga dzia\u0142alno\u015b\u0107 fizjoterapeuty. Tlenoterapia HBOT (terapia tlenem pod ci\u015bnieniem) jako metoda fizjoterapii.","robots":{"index":"noindex","follow":"follow","max-snippet":"max-snippet:-1","max-image-preview":"max-image-preview:large","max-video-preview":"max-video-preview:-1"},"og_locale":"cs_CZ","og_type":"article","og_title":"Komora hiperbaryczna w fizjoterapii. Tlenoterapia a rehabilitacja. - Oxymatic","og_description":"Dowiedz si\u0119, jak komora hiperbaryczna wspomaga dzia\u0142alno\u015b\u0107 fizjoterapeuty. Tlenoterapia HBOT (terapia tlenem pod ci\u015bnieniem) jako metoda fizjoterapii.","og_url":"https:\/\/palo1.lobostudio.pl\/cs\/jak-to-dziala\/fizjoterapia\/","og_site_name":"Oxymatic","article_publisher":"https:\/\/www.facebook.com\/p\/Oxymatic-61558663586440\/","article_modified_time":"2024-07-15T10:26:44+00:00","og_image":[{"url":"http:\/\/palo1.lobostudio.pl\/wp-content\/uploads\/2024\/02\/spa-1024x640.webp"}],"twitter_card":"summary_large_image","twitter_misc":{"Est. reading time":"3 minuty"},"schema":{"@context":"https:\/\/schema.org","@graph":[{"@type":"WebPage","@id":"https:\/\/palo1.lobostudio.pl\/jak-to-dziala\/fizjoterapia\/","url":"https:\/\/palo1.lobostudio.pl\/jak-to-dziala\/fizjoterapia\/","name":"Komora hiperbaryczna w fizjoterapii. Tlenoterapia a rehabilitacja. - Oxymatic","isPartOf":{"@id":"https:\/\/palo1.lobostudio.pl\/#website"},"primaryImageOfPage":{"@id":"https:\/\/palo1.lobostudio.pl\/jak-to-dziala\/fizjoterapia\/#primaryimage"},"image":{"@id":"https:\/\/palo1.lobostudio.pl\/jak-to-dziala\/fizjoterapia\/#primaryimage"},"thumbnailUrl":"http:\/\/palo1.lobostudio.pl\/wp-content\/uploads\/2024\/02\/spa-1024x640.webp","datePublished":"2024-07-05T13:34:16+00:00","dateModified":"2024-07-15T10:26:44+00:00","description":"Dowiedz si\u0119, jak komora hiperbaryczna wspomaga dzia\u0142alno\u015b\u0107 fizjoterapeuty. Tlenoterapia HBOT (terapia tlenem pod ci\u015bnieniem) jako metoda fizjoterapii.","breadcrumb":{"@id":"https:\/\/palo1.lobostudio.pl\/jak-to-dziala\/fizjoterapia\/#breadcrumb"},"inLanguage":"cs","potentialAction":[{"@type":"ReadAction","target":["https:\/\/palo1.lobostudio.pl\/jak-to-dziala\/fizjoterapia\/"]}]},{"@type":"ImageObject","inLanguage":"cs","@id":"https:\/\/palo1.lobostudio.pl\/jak-to-dziala\/fizjoterapia\/#primaryimage","url":"http:\/\/palo1.lobostudio.pl\/wp-content\/uploads\/2024\/02\/spa-1024x640.webp","contentUrl":"http:\/\/palo1.lobostudio.pl\/wp-content\/uploads\/2024\/02\/spa-1024x640.webp"},{"@type":"BreadcrumbList","@id":"https:\/\/palo1.lobostudio.pl\/jak-to-dziala\/fizjoterapia\/#breadcrumb","itemListElement":[{"@type":"ListItem","position":1,"name":"Home","item":"https:\/\/palo1.lobostudio.pl\/"},{"@type":"ListItem","position":2,"name":"Jak to dzia\u0142a?","item":"https:\/\/palo1.lobostudio.pl\/jak-to-dziala\/"},{"@type":"ListItem","position":3,"name":"Komora hiperbaryczna w fizjoterapii. Tlenoterapia a rehabilitacja."}]},{"@type":"WebSite","@id":"https:\/\/palo1.lobostudio.pl\/#website","url":"https:\/\/palo1.lobostudio.pl\/","name":"Oxymatic - komory hiperbaryczne","description":"komory hiperbaryczne mHBOT","publisher":{"@id":"https:\/\/palo1.lobostudio.pl\/#organization"},"potentialAction":[{"@type":"SearchAction","target":{"@type":"EntryPoint","urlTemplate":"https:\/\/palo1.lobostudio.pl\/?s={search_term_string}"},"query-input":"required name=search_term_string"}],"inLanguage":"cs"},{"@type":"Organization","@id":"https:\/\/palo1.lobostudio.pl\/#organization","name":"Oxymatic","url":"https:\/\/palo1.lobostudio.pl\/","logo":{"@type":"ImageObject","inLanguage":"cs","@id":"https:\/\/palo1.lobostudio.pl\/#\/schema\/logo\/image\/","url":"http:\/\/palo1.lobostudio.pl\/wp-content\/uploads\/2023\/12\/Oxymatic-logo-green-1.svg","contentUrl":"http:\/\/palo1.lobostudio.pl\/wp-content\/uploads\/2023\/12\/Oxymatic-logo-green-1.svg","width":195,"height":43,"caption":"Oxymatic"},"image":{"@id":"https:\/\/palo1.lobostudio.pl\/#\/schema\/logo\/image\/"},"sameAs":["https:\/\/www.facebook.com\/p\/Oxymatic-61558663586440\/"]}]}},"_links":{"self":[{"href":"https:\/\/palo1.lobostudio.pl\/cs\/wp-json\/wp\/v2\/pages\/2194","targetHints":{"allow":["GET"]}}],"collection":[{"href":"https:\/\/palo1.lobostudio.pl\/cs\/wp-json\/wp\/v2\/pages"}],"about":[{"href":"https:\/\/palo1.lobostudio.pl\/cs\/wp-json\/wp\/v2\/types\/page"}],"author":[{"embeddable":true,"href":"https:\/\/palo1.lobostudio.pl\/cs\/wp-json\/wp\/v2\/users\/1"}],"replies":[{"embeddable":true,"href":"https:\/\/palo1.lobostudio.pl\/cs\/wp-json\/wp\/v2\/comments?post=2194"}],"version-history":[{"count":0,"href":"https:\/\/palo1.lobostudio.pl\/cs\/wp-json\/wp\/v2\/pages\/2194\/revisions"}],"up":[{"embeddable":true,"href":"https:\/\/palo1.lobostudio.pl\/cs\/wp-json\/wp\/v2\/pages\/930"}],"wp:attachment":[{"href":"https:\/\/palo1.lobostudio.pl\/cs\/wp-json\/wp\/v2\/media?parent=2194"}],"curies":[{"name":"wp","href":"https:\/\/api.w.org\/{rel}","templated":true}]}}