{"id":987,"date":"2024-03-29T16:31:48","date_gmt":"2024-03-29T16:31:48","guid":{"rendered":"https:\/\/palo1.lobostudio.pl:443\/?page_id=987"},"modified":"2024-07-05T15:32:20","modified_gmt":"2024-07-05T15:32:20","slug":"szkolenia","status":"publish","type":"page","link":"https:\/\/palo1.lobostudio.pl\/cs\/szkolenia\/","title":{"rendered":"szkolenia"},"content":{"rendered":"<div data-elementor-type=\"wp-page\" data-elementor-id=\"987\" class=\"elementor elementor-987\" data-elementor-post-type=\"page\">\n\t\t\t\t<div class=\"elementor-element elementor-element-dd65258 e-flex e-con-boxed e-con e-child\" data-id=\"dd65258\" data-element_type=\"container\" data-settings=\"{&quot;background_background&quot;:&quot;classic&quot;,&quot;shape_divider_bottom&quot;:&quot;mountains&quot;}\">\n\t\t\t\t\t<div class=\"e-con-inner\">\n\t\t\t\t<div class=\"elementor-shape elementor-shape-bottom\" aria-hidden=\"true\" data-negative=\"false\">\n\t\t\t<svg xmlns=\"http:\/\/www.w3.org\/2000\/svg\" viewbox=\"0 0 1000 100\" preserveaspectratio=\"none\">\n\t<path class=\"elementor-shape-fill\" opacity=\"0.33\" d=\"M473,67.3c-203.9,88.3-263.1-34-320.3,0C66,119.1,0,59.7,0,59.7V0h1000v59.7 c0,0-62.1,26.1-94.9,29.3c-32.8,3.3-62.8-12.3-75.8-22.1C806,49.6,745.3,8.7,694.9,4.7S492.4,59,473,67.3z\"\/>\n\t<path class=\"elementor-shape-fill\" opacity=\"0.66\" d=\"M734,67.3c-45.5,0-77.2-23.2-129.1-39.1c-28.6-8.7-150.3-10.1-254,39.1 s-91.7-34.4-149.2,0C115.7,118.3,0,39.8,0,39.8V0h1000v36.5c0,0-28.2-18.5-92.1-18.5C810.2,18.1,775.7,67.3,734,67.3z\"\/>\n\t<path class=\"elementor-shape-fill\" d=\"M766.1,28.9c-200-57.5-266,65.5-395.1,19.5C242,1.8,242,5.4,184.8,20.6C128,35.8,132.3,44.9,89.9,52.5C28.6,63.7,0,0,0,0 h1000c0,0-9.9,40.9-83.6,48.1S829.6,47,766.1,28.9z\"\/>\n<\/svg>\t\t<\/div>\n\t\t\t\t<div class=\"elementor-element elementor-element-9030727 elementor-absolute elementor-invisible elementor-widget elementor-widget-heading\" data-id=\"9030727\" data-element_type=\"widget\" data-settings=\"{&quot;_position&quot;:&quot;absolute&quot;,&quot;motion_fx_motion_fx_scrolling&quot;:&quot;yes&quot;,&quot;motion_fx_translateY_effect&quot;:&quot;yes&quot;,&quot;_animation&quot;:&quot;fadeIn&quot;,&quot;_animation_delay&quot;:500,&quot;motion_fx_translateY_speed&quot;:{&quot;unit&quot;:&quot;px&quot;,&quot;size&quot;:4,&quot;sizes&quot;:[]},&quot;motion_fx_translateY_affectedRange&quot;:{&quot;unit&quot;:&quot;%&quot;,&quot;size&quot;:&quot;&quot;,&quot;sizes&quot;:{&quot;start&quot;:0,&quot;end&quot;:100}},&quot;motion_fx_devices&quot;:[&quot;desktop&quot;,&quot;tablet&quot;,&quot;mobile&quot;]}\" data-widget_type=\"heading.default\">\n\t\t\t\t<div class=\"elementor-widget-container\">\n\t\t\t\t\t<h2 class=\"elementor-heading-title elementor-size-default\">SZKOLENIA<\/h2>\t\t\t\t<\/div>\n\t\t\t\t<\/div>\n\t\t\t\t<div class=\"elementor-element elementor-element-c7e4e9d elementor-widget__width-initial elementor-widget-tablet__width-initial elementor-absolute elementor-invisible elementor-widget elementor-widget-image\" data-id=\"c7e4e9d\" data-element_type=\"widget\" data-settings=\"{&quot;_position&quot;:&quot;absolute&quot;,&quot;_animation&quot;:&quot;fadeIn&quot;}\" data-widget_type=\"image.default\">\n\t\t\t\t<div class=\"elementor-widget-container\">\n\t\t\t\t\t\t\t\t\t\t\t\t\t\t\t<img fetchpriority=\"high\" decoding=\"async\" width=\"800\" height=\"534\" src=\"https:\/\/palo1.lobostudio.pl\/wp-content\/uploads\/2023\/12\/female-speaker-giving-presentation-hall-university-workshop-audience-conference-hall.jpg\" class=\"attachment-large size-large wp-image-307\" alt=\"\" srcset=\"https:\/\/palo1.lobostudio.pl\/wp-content\/uploads\/2023\/12\/female-speaker-giving-presentation-hall-university-workshop-audience-conference-hall.jpg 1000w, https:\/\/palo1.lobostudio.pl\/wp-content\/uploads\/2023\/12\/female-speaker-giving-presentation-hall-university-workshop-audience-conference-hall-300x200.jpg 300w, https:\/\/palo1.lobostudio.pl\/wp-content\/uploads\/2023\/12\/female-speaker-giving-presentation-hall-university-workshop-audience-conference-hall-768x512.jpg 768w\" sizes=\"(max-width: 800px) 100vw, 800px\" \/>\t\t\t\t\t\t\t\t\t\t\t\t\t\t\t<\/div>\n\t\t\t\t<\/div>\n\t\t<div class=\"elementor-element elementor-element-65826a7 e-con-full e-flex elementor-invisible e-con e-child\" data-id=\"65826a7\" data-element_type=\"container\" data-settings=\"{&quot;background_background&quot;:&quot;classic&quot;,&quot;animation&quot;:&quot;fadeInRight&quot;}\">\n\t\t\t\t<div class=\"elementor-element elementor-element-3cd5456 elementor-widget elementor-widget-heading\" data-id=\"3cd5456\" data-element_type=\"widget\" data-settings=\"{&quot;_animation&quot;:&quot;none&quot;}\" data-widget_type=\"heading.default\">\n\t\t\t\t<div class=\"elementor-widget-container\">\n\t\t\t\t\t<h2 class=\"elementor-heading-title elementor-size-default\">SZKOLENIA<\/h2>\t\t\t\t<\/div>\n\t\t\t\t<\/div>\n\t\t\t\t<div class=\"elementor-element elementor-element-05ada6b elementor-widget__width-initial elementor-widget elementor-widget-text-editor\" data-id=\"05ada6b\" data-element_type=\"widget\" data-widget_type=\"text-editor.default\">\n\t\t\t\t<div class=\"elementor-widget-container\">\n\t\t\t\t\t\t\t\t\t<h3><strong>Nasi specjali\u015bci poprowadz\u0105 szkolenie z obs\u0142ugi komory u Ciebie. Mo\u017cesz liczy\u0107 r\u00f3wnie\u017c na pomoc w zakresie marketingu<\/strong><\/h3>\t\t\t\t\t\t\t\t<\/div>\n\t\t\t\t<\/div>\n\t\t\t\t<div class=\"elementor-element elementor-element-5048ded elementor-widget__width-initial elementor-widget elementor-widget-text-editor\" data-id=\"5048ded\" data-element_type=\"widget\" data-widget_type=\"text-editor.default\">\n\t\t\t\t<div class=\"elementor-widget-container\">\n\t\t\t\t\t\t\t\t\t<p>Oxymatic\u00ae oferuje wysokiej jako\u015bci szkolenia z terapii hiperbarycznej HBOT, dost\u0119pne dla profesjonalist\u00f3w i u\u017cytkownik\u00f3w domowych. Programy szkoleniowe s\u0105 elastyczne i dopasowane do r\u00f3\u017cnych poziom\u00f3w do\u015bwiadczenia, umo\u017cliwiaj\u0105c zdobycie niezb\u0119dnych umiej\u0119tno\u015bci w obszarze obs\u0142ugi kom\u00f3r hiperbarycznych Oxymatic\u00ae. Po zako\u0144czeniu szkolenia uczestnicy otrzymuj\u0105 certyfikat potwierdzaj\u0105cy zdobyte umiej\u0119tno\u015bci oraz wsparcie w dalszym rozwoju, w\u0142\u0105cznie z dost\u0119pem do materia\u0142\u00f3w szkoleniowych i pomoc\u0105 techniczn\u0105.<\/p>\t\t\t\t\t\t\t\t<\/div>\n\t\t\t\t<\/div>\n\t\t\t\t<\/div>\n\t\t\t\t\t<\/div>\n\t\t\t\t<\/div>\n\t\t<div class=\"elementor-element elementor-element-4d657ad e-flex e-con-boxed e-con e-child\" data-id=\"4d657ad\" data-element_type=\"container\" data-settings=\"{&quot;background_background&quot;:&quot;classic&quot;}\">\n\t\t\t\t\t<div class=\"e-con-inner\">\n\t\t<div class=\"elementor-element elementor-element-f6b05da e-flex e-con-boxed e-con e-child\" data-id=\"f6b05da\" data-element_type=\"container\" data-settings=\"{&quot;background_background&quot;:&quot;classic&quot;}\">\n\t\t\t\t\t<div class=\"e-con-inner\">\n\t\t\t\t<div class=\"elementor-element elementor-element-0c1a7d6 elementor-widget elementor-widget-heading\" data-id=\"0c1a7d6\" data-element_type=\"widget\" data-widget_type=\"heading.default\">\n\t\t\t\t<div class=\"elementor-widget-container\">\n\t\t\t\t\t<h2 class=\"elementor-heading-title elementor-size-default\">Szkolenia z terapii hiperbarycznej HBOT w Oxymatic<sup>\u00ae<\/h2>\t\t\t\t<\/div>\n\t\t\t\t<\/div>\n\t\t\t\t<div class=\"elementor-element elementor-element-d199c90 elementor-widget elementor-widget-text-editor\" data-id=\"d199c90\" data-element_type=\"widget\" data-widget_type=\"text-editor.default\">\n\t\t\t\t<div class=\"elementor-widget-container\">\n\t\t\t\t\t\t\t\t\tW Oxymatic\u00ae rozumiemy, \u017ce gruntowna wiedza i praktyczne umiej\u0119tno\u015bci s\u0105 kluczowe dla efektywnego wykorzystania tlenoterapii hiperbarycznej HBOT. Dlatego oferujemy specjalistyczne szkolenia przeznaczone zar\u00f3wno dla profesjonalist\u00f3w, jak i dla u\u017cytkownik\u00f3w domowych, przeprowadzane bezpo\u015brednio w Twoim miejscu pracy lub w domu. Nasze kompleksowe szkolenia z HBOT umo\u017cliwiaj\u0105 pe\u0142ne wykorzystanie potencja\u0142u kom\u00f3r hiperbarycznych.\t\t\t\t\t\t\t\t<\/div>\n\t\t\t\t<\/div>\n\t\t\t\t<div class=\"elementor-element elementor-element-965df42 elementor-widget elementor-widget-heading\" data-id=\"965df42\" data-element_type=\"widget\" data-widget_type=\"heading.default\">\n\t\t\t\t<div class=\"elementor-widget-container\">\n\t\t\t\t\t<h2 class=\"elementor-heading-title elementor-size-default\">Programy szkoleniowe dostosowane do Twoich potrzeb w zakresie HBOT<\/h2>\t\t\t\t<\/div>\n\t\t\t\t<\/div>\n\t\t\t\t<div class=\"elementor-element elementor-element-303292f elementor-widget elementor-widget-text-editor\" data-id=\"303292f\" data-element_type=\"widget\" data-widget_type=\"text-editor.default\">\n\t\t\t\t<div class=\"elementor-widget-container\">\n\t\t\t\t\t\t\t\t\tNasze szkolenia z terapii hiperbarycznej HBOT s\u0105 dostosowane do r\u00f3\u017cnych poziom\u00f3w do\u015bwiadczenia, od podstaw do zaawansowanych technik obs\u0142ugi i wykorzystania kom\u00f3r hiperbarycznych <b>Oxymatic<\/b>\u00ae. Pod kierunkiem do\u015bwiadczonych instruktor\u00f3w ka\u017cdy uczestnik szkolenia zdob\u0119dzie umiej\u0119tno\u015bci i pewno\u015b\u0107 siebie niezb\u0119dne do skutecznego stosowania terapii hiperbarycznej.\t\t\t\t\t\t\t\t<\/div>\n\t\t\t\t<\/div>\n\t\t\t\t<div class=\"elementor-element elementor-element-c8cd7f1 elementor-widget elementor-widget-heading\" data-id=\"c8cd7f1\" data-element_type=\"widget\" data-widget_type=\"heading.default\">\n\t\t\t\t<div class=\"elementor-widget-container\">\n\t\t\t\t\t<h2 class=\"elementor-heading-title elementor-size-default\">Certyfikacja i wsparcie po szkoleniu z HBOT<\/h2>\t\t\t\t<\/div>\n\t\t\t\t<\/div>\n\t\t\t\t<div class=\"elementor-element elementor-element-51841f5 elementor-widget elementor-widget-text-editor\" data-id=\"51841f5\" data-element_type=\"widget\" data-widget_type=\"text-editor.default\">\n\t\t\t\t<div class=\"elementor-widget-container\">\n\t\t\t\t\t\t\t\t\t<p>Ka\u017cdy uczestnik naszych szkole\u0144 z zakresu tlenoterapii hiperbarycznej otrzymuje nie tylko <b>certyfikat Oxymatic\u00ae,<\/b> potwierdzaj\u0105cy jego umiej\u0119tno\u015bci, ale tak\u017ce zestaw materia\u0142\u00f3w szkoleniowych, kt\u00f3re pomog\u0105 w dalszym rozwoju i utrwaleniu zdobytej wiedzy. Zapewniamy r\u00f3wnie\u017c wsparcie po szkoleniu \u2013 rozwiejemy wszelkie Twoje w\u0105tpliwo\u015bci zwi\u0105zane z wykorzystaniem technologii HBOT.<\/p>\t\t\t\t\t\t\t\t<\/div>\n\t\t\t\t<\/div>\n\t\t<div class=\"elementor-element elementor-element-386d743 e-flex e-con-boxed e-con e-child\" data-id=\"386d743\" data-element_type=\"container\">\n\t\t\t\t\t<div class=\"e-con-inner\">\n\t\t<div class=\"elementor-element elementor-element-6a4e376 e-con-full e-flex e-con e-child\" data-id=\"6a4e376\" data-element_type=\"container\">\n\t\t\t\t<div class=\"elementor-element elementor-element-9ec94f9 elementor-widget__width-initial elementor-invisible elementor-widget elementor-widget-image\" data-id=\"9ec94f9\" data-element_type=\"widget\" data-settings=\"{&quot;_animation&quot;:&quot;fadeIn&quot;}\" data-widget_type=\"image.default\">\n\t\t\t\t<div class=\"elementor-widget-container\">\n\t\t\t\t\t\t\t\t\t\t\t\t\t\t\t<img decoding=\"async\" width=\"800\" height=\"728\" src=\"https:\/\/palo1.lobostudio.pl\/wp-content\/uploads\/2024\/03\/1-1024x932.webp\" class=\"attachment-large size-large wp-image-962\" alt=\"\" srcset=\"https:\/\/palo1.lobostudio.pl\/wp-content\/uploads\/2024\/03\/1-1024x932.webp 1024w, https:\/\/palo1.lobostudio.pl\/wp-content\/uploads\/2024\/03\/1-300x273.webp 300w, https:\/\/palo1.lobostudio.pl\/wp-content\/uploads\/2024\/03\/1-768x699.webp 768w, https:\/\/palo1.lobostudio.pl\/wp-content\/uploads\/2024\/03\/1.webp 1267w\" sizes=\"(max-width: 800px) 100vw, 800px\" \/>\t\t\t\t\t\t\t\t\t\t\t\t\t\t\t<\/div>\n\t\t\t\t<\/div>\n\t\t\t\t<\/div>\n\t\t<div class=\"elementor-element elementor-element-8c9596f e-con-full e-flex e-con e-child\" data-id=\"8c9596f\" data-element_type=\"container\" data-settings=\"{&quot;background_background&quot;:&quot;classic&quot;}\">\n\t\t\t\t<div class=\"elementor-element elementor-element-0e630a3 elementor-invisible elementor-widget elementor-widget-heading\" data-id=\"0e630a3\" data-element_type=\"widget\" data-settings=\"{&quot;_animation&quot;:&quot;fadeInLeft&quot;,&quot;_animation_delay&quot;:1000}\" data-widget_type=\"heading.default\">\n\t\t\t\t<div class=\"elementor-widget-container\">\n\t\t\t\t\t<h2 class=\"elementor-heading-title elementor-size-default\">Dowiedz si\u0119 wi\u0119cej <br>o Serwisie Oxymatic<sup>\u00ae<\/h2>\t\t\t\t<\/div>\n\t\t\t\t<\/div>\n\t\t\t\t<div class=\"elementor-element elementor-element-f2609ee elementor-invisible elementor-widget elementor-widget-button\" data-id=\"f2609ee\" data-element_type=\"widget\" data-settings=\"{&quot;_animation&quot;:&quot;fadeInLeft&quot;,&quot;_animation_delay&quot;:1000}\" data-widget_type=\"button.default\">\n\t\t\t\t<div class=\"elementor-widget-container\">\n\t\t\t\t\t\t\t\t\t<div class=\"elementor-button-wrapper\">\n\t\t\t\t\t<a class=\"elementor-button elementor-button-link elementor-size-sm elementor-animation-sink\" href=\"https:\/\/palo1.lobostudio.pl\/cs\/serwis\/\">\n\t\t\t\t\t\t<span class=\"elementor-button-content-wrapper\">\n\t\t\t\t\t\t\t\t\t<span class=\"elementor-button-text\">Zobacz<\/span>\n\t\t\t\t\t<\/span>\n\t\t\t\t\t<\/a>\n\t\t\t\t<\/div>\n\t\t\t\t\t\t\t\t<\/div>\n\t\t\t\t<\/div>\n\t\t\t\t<\/div>\n\t\t\t\t\t<\/div>\n\t\t\t\t<\/div>\n\t\t\t\t\t<\/div>\n\t\t\t\t<\/div>\n\t\t\t\t\t<\/div>\n\t\t\t\t<\/div>\n\t\t\t\t<\/div>","protected":false},"excerpt":{"rendered":"<p>SZKOLENIA SZKOLENIA Nasi specjali\u015bci poprowadz\u0105 szkolenie z obs\u0142ugi komory u Ciebie. Mo\u017cesz liczy\u0107 r\u00f3wnie\u017c na pomoc w zakresie marketingu Oxymatic\u00ae oferuje wysokiej jako\u015bci szkolenia z terapii hiperbarycznej HBOT, dost\u0119pne dla profesjonalist\u00f3w i u\u017cytkownik\u00f3w domowych. Programy szkoleniowe s\u0105 elastyczne i dopasowane do r\u00f3\u017cnych poziom\u00f3w do\u015bwiadczenia, umo\u017cliwiaj\u0105c zdobycie niezb\u0119dnych umiej\u0119tno\u015bci w obszarze obs\u0142ugi kom\u00f3r hiperbarycznych Oxymatic\u00ae. Po [&hellip;]<\/p>","protected":false},"author":1,"featured_media":0,"parent":0,"menu_order":0,"comment_status":"closed","ping_status":"closed","template":"elementor_header_footer","meta":{"_acf_changed":false,"inline_featured_image":false,"footnotes":""},"class_list":["post-987","page","type-page","status-publish","hentry"],"acf":[],"yoast_head":"<!-- This site is optimized with the Yoast SEO plugin v22.4 - https:\/\/yoast.com\/wordpress\/plugins\/seo\/ -->\n<title>szkolenia - Oxymatic<\/title>\n<meta name=\"robots\" content=\"noindex, follow, max-snippet:-1, max-image-preview:large, max-video-preview:-1\" \/>\n<meta property=\"og:locale\" content=\"cs_CZ\" \/>\n<meta property=\"og:type\" content=\"article\" \/>\n<meta property=\"og:title\" content=\"szkolenia - Oxymatic\" \/>\n<meta property=\"og:description\" content=\"SZKOLENIA SZKOLENIA Nasi specjali\u015bci poprowadz\u0105 szkolenie z obs\u0142ugi komory u Ciebie. Mo\u017cesz liczy\u0107 r\u00f3wnie\u017c na pomoc w zakresie marketingu Oxymatic\u00ae oferuje wysokiej jako\u015bci szkolenia z terapii hiperbarycznej HBOT, dost\u0119pne dla profesjonalist\u00f3w i u\u017cytkownik\u00f3w domowych. Programy szkoleniowe s\u0105 elastyczne i dopasowane do r\u00f3\u017cnych poziom\u00f3w do\u015bwiadczenia, umo\u017cliwiaj\u0105c zdobycie niezb\u0119dnych umiej\u0119tno\u015bci w obszarze obs\u0142ugi kom\u00f3r hiperbarycznych Oxymatic\u00ae. Po [&hellip;]\" \/>\n<meta property=\"og:url\" content=\"https:\/\/palo1.lobostudio.pl\/cs\/szkolenia\/\" \/>\n<meta property=\"og:site_name\" content=\"Oxymatic\" \/>\n<meta property=\"article:publisher\" content=\"https:\/\/www.facebook.com\/p\/Oxymatic-61558663586440\/\" \/>\n<meta property=\"article:modified_time\" content=\"2024-07-05T15:32:20+00:00\" \/>\n<meta property=\"og:image\" content=\"http:\/\/palo1.lobostudio.pl\/wp-content\/uploads\/2023\/12\/female-speaker-giving-presentation-hall-university-workshop-audience-conference-hall.jpg\" \/>\n<meta name=\"twitter:card\" content=\"summary_large_image\" \/>\n<meta name=\"twitter:label1\" content=\"Est. reading time\" \/>\n\t<meta name=\"twitter:data1\" content=\"2 minuty\" \/>\n<script type=\"application\/ld+json\" class=\"yoast-schema-graph\">{\"@context\":\"https:\/\/schema.org\",\"@graph\":[{\"@type\":\"WebPage\",\"@id\":\"https:\/\/palo1.lobostudio.pl\/szkolenia\/\",\"url\":\"https:\/\/palo1.lobostudio.pl\/szkolenia\/\",\"name\":\"szkolenia - Oxymatic\",\"isPartOf\":{\"@id\":\"https:\/\/palo1.lobostudio.pl\/#website\"},\"primaryImageOfPage\":{\"@id\":\"https:\/\/palo1.lobostudio.pl\/szkolenia\/#primaryimage\"},\"image\":{\"@id\":\"https:\/\/palo1.lobostudio.pl\/szkolenia\/#primaryimage\"},\"thumbnailUrl\":\"http:\/\/palo1.lobostudio.pl\/wp-content\/uploads\/2023\/12\/female-speaker-giving-presentation-hall-university-workshop-audience-conference-hall.jpg\",\"datePublished\":\"2024-03-29T16:31:48+00:00\",\"dateModified\":\"2024-07-05T15:32:20+00:00\",\"breadcrumb\":{\"@id\":\"https:\/\/palo1.lobostudio.pl\/szkolenia\/#breadcrumb\"},\"inLanguage\":\"cs\",\"potentialAction\":[{\"@type\":\"ReadAction\",\"target\":[\"https:\/\/palo1.lobostudio.pl\/szkolenia\/\"]}]},{\"@type\":\"ImageObject\",\"inLanguage\":\"cs\",\"@id\":\"https:\/\/palo1.lobostudio.pl\/szkolenia\/#primaryimage\",\"url\":\"http:\/\/palo1.lobostudio.pl\/wp-content\/uploads\/2023\/12\/female-speaker-giving-presentation-hall-university-workshop-audience-conference-hall.jpg\",\"contentUrl\":\"http:\/\/palo1.lobostudio.pl\/wp-content\/uploads\/2023\/12\/female-speaker-giving-presentation-hall-university-workshop-audience-conference-hall.jpg\"},{\"@type\":\"BreadcrumbList\",\"@id\":\"https:\/\/palo1.lobostudio.pl\/szkolenia\/#breadcrumb\",\"itemListElement\":[{\"@type\":\"ListItem\",\"position\":1,\"name\":\"Home\",\"item\":\"https:\/\/palo1.lobostudio.pl\/\"},{\"@type\":\"ListItem\",\"position\":2,\"name\":\"szkolenia\"}]},{\"@type\":\"WebSite\",\"@id\":\"https:\/\/palo1.lobostudio.pl\/#website\",\"url\":\"https:\/\/palo1.lobostudio.pl\/\",\"name\":\"Oxymatic - komory hiperbaryczne\",\"description\":\"komory hiperbaryczne mHBOT\",\"publisher\":{\"@id\":\"https:\/\/palo1.lobostudio.pl\/#organization\"},\"potentialAction\":[{\"@type\":\"SearchAction\",\"target\":{\"@type\":\"EntryPoint\",\"urlTemplate\":\"https:\/\/palo1.lobostudio.pl\/?s={search_term_string}\"},\"query-input\":\"required name=search_term_string\"}],\"inLanguage\":\"cs\"},{\"@type\":\"Organization\",\"@id\":\"https:\/\/palo1.lobostudio.pl\/#organization\",\"name\":\"Oxymatic\",\"url\":\"https:\/\/palo1.lobostudio.pl\/\",\"logo\":{\"@type\":\"ImageObject\",\"inLanguage\":\"cs\",\"@id\":\"https:\/\/palo1.lobostudio.pl\/#\/schema\/logo\/image\/\",\"url\":\"http:\/\/palo1.lobostudio.pl\/wp-content\/uploads\/2023\/12\/Oxymatic-logo-green-1.svg\",\"contentUrl\":\"http:\/\/palo1.lobostudio.pl\/wp-content\/uploads\/2023\/12\/Oxymatic-logo-green-1.svg\",\"width\":195,\"height\":43,\"caption\":\"Oxymatic\"},\"image\":{\"@id\":\"https:\/\/palo1.lobostudio.pl\/#\/schema\/logo\/image\/\"},\"sameAs\":[\"https:\/\/www.facebook.com\/p\/Oxymatic-61558663586440\/\"]}]}<\/script>\n<!-- \/ Yoast SEO plugin. -->","yoast_head_json":{"title":"szkolenia - Oxymatic","robots":{"index":"noindex","follow":"follow","max-snippet":"max-snippet:-1","max-image-preview":"max-image-preview:large","max-video-preview":"max-video-preview:-1"},"og_locale":"cs_CZ","og_type":"article","og_title":"szkolenia - Oxymatic","og_description":"SZKOLENIA SZKOLENIA Nasi specjali\u015bci poprowadz\u0105 szkolenie z obs\u0142ugi komory u Ciebie. Mo\u017cesz liczy\u0107 r\u00f3wnie\u017c na pomoc w zakresie marketingu Oxymatic\u00ae oferuje wysokiej jako\u015bci szkolenia z terapii hiperbarycznej HBOT, dost\u0119pne dla profesjonalist\u00f3w i u\u017cytkownik\u00f3w domowych. Programy szkoleniowe s\u0105 elastyczne i dopasowane do r\u00f3\u017cnych poziom\u00f3w do\u015bwiadczenia, umo\u017cliwiaj\u0105c zdobycie niezb\u0119dnych umiej\u0119tno\u015bci w obszarze obs\u0142ugi kom\u00f3r hiperbarycznych Oxymatic\u00ae. Po [&hellip;]","og_url":"https:\/\/palo1.lobostudio.pl\/cs\/szkolenia\/","og_site_name":"Oxymatic","article_publisher":"https:\/\/www.facebook.com\/p\/Oxymatic-61558663586440\/","article_modified_time":"2024-07-05T15:32:20+00:00","og_image":[{"url":"http:\/\/palo1.lobostudio.pl\/wp-content\/uploads\/2023\/12\/female-speaker-giving-presentation-hall-university-workshop-audience-conference-hall.jpg"}],"twitter_card":"summary_large_image","twitter_misc":{"Est. reading time":"2 minuty"},"schema":{"@context":"https:\/\/schema.org","@graph":[{"@type":"WebPage","@id":"https:\/\/palo1.lobostudio.pl\/szkolenia\/","url":"https:\/\/palo1.lobostudio.pl\/szkolenia\/","name":"szkolenia - Oxymatic","isPartOf":{"@id":"https:\/\/palo1.lobostudio.pl\/#website"},"primaryImageOfPage":{"@id":"https:\/\/palo1.lobostudio.pl\/szkolenia\/#primaryimage"},"image":{"@id":"https:\/\/palo1.lobostudio.pl\/szkolenia\/#primaryimage"},"thumbnailUrl":"http:\/\/palo1.lobostudio.pl\/wp-content\/uploads\/2023\/12\/female-speaker-giving-presentation-hall-university-workshop-audience-conference-hall.jpg","datePublished":"2024-03-29T16:31:48+00:00","dateModified":"2024-07-05T15:32:20+00:00","breadcrumb":{"@id":"https:\/\/palo1.lobostudio.pl\/szkolenia\/#breadcrumb"},"inLanguage":"cs","potentialAction":[{"@type":"ReadAction","target":["https:\/\/palo1.lobostudio.pl\/szkolenia\/"]}]},{"@type":"ImageObject","inLanguage":"cs","@id":"https:\/\/palo1.lobostudio.pl\/szkolenia\/#primaryimage","url":"http:\/\/palo1.lobostudio.pl\/wp-content\/uploads\/2023\/12\/female-speaker-giving-presentation-hall-university-workshop-audience-conference-hall.jpg","contentUrl":"http:\/\/palo1.lobostudio.pl\/wp-content\/uploads\/2023\/12\/female-speaker-giving-presentation-hall-university-workshop-audience-conference-hall.jpg"},{"@type":"BreadcrumbList","@id":"https:\/\/palo1.lobostudio.pl\/szkolenia\/#breadcrumb","itemListElement":[{"@type":"ListItem","position":1,"name":"Home","item":"https:\/\/palo1.lobostudio.pl\/"},{"@type":"ListItem","position":2,"name":"szkolenia"}]},{"@type":"WebSite","@id":"https:\/\/palo1.lobostudio.pl\/#website","url":"https:\/\/palo1.lobostudio.pl\/","name":"Oxymatic - komory hiperbaryczne","description":"komory hiperbaryczne mHBOT","publisher":{"@id":"https:\/\/palo1.lobostudio.pl\/#organization"},"potentialAction":[{"@type":"SearchAction","target":{"@type":"EntryPoint","urlTemplate":"https:\/\/palo1.lobostudio.pl\/?s={search_term_string}"},"query-input":"required name=search_term_string"}],"inLanguage":"cs"},{"@type":"Organization","@id":"https:\/\/palo1.lobostudio.pl\/#organization","name":"Oxymatic","url":"https:\/\/palo1.lobostudio.pl\/","logo":{"@type":"ImageObject","inLanguage":"cs","@id":"https:\/\/palo1.lobostudio.pl\/#\/schema\/logo\/image\/","url":"http:\/\/palo1.lobostudio.pl\/wp-content\/uploads\/2023\/12\/Oxymatic-logo-green-1.svg","contentUrl":"http:\/\/palo1.lobostudio.pl\/wp-content\/uploads\/2023\/12\/Oxymatic-logo-green-1.svg","width":195,"height":43,"caption":"Oxymatic"},"image":{"@id":"https:\/\/palo1.lobostudio.pl\/#\/schema\/logo\/image\/"},"sameAs":["https:\/\/www.facebook.com\/p\/Oxymatic-61558663586440\/"]}]}},"_links":{"self":[{"href":"https:\/\/palo1.lobostudio.pl\/cs\/wp-json\/wp\/v2\/pages\/987","targetHints":{"allow":["GET"]}}],"collection":[{"href":"https:\/\/palo1.lobostudio.pl\/cs\/wp-json\/wp\/v2\/pages"}],"about":[{"href":"https:\/\/palo1.lobostudio.pl\/cs\/wp-json\/wp\/v2\/types\/page"}],"author":[{"embeddable":true,"href":"https:\/\/palo1.lobostudio.pl\/cs\/wp-json\/wp\/v2\/users\/1"}],"replies":[{"embeddable":true,"href":"https:\/\/palo1.lobostudio.pl\/cs\/wp-json\/wp\/v2\/comments?post=987"}],"version-history":[{"count":0,"href":"https:\/\/palo1.lobostudio.pl\/cs\/wp-json\/wp\/v2\/pages\/987\/revisions"}],"wp:attachment":[{"href":"https:\/\/palo1.lobostudio.pl\/cs\/wp-json\/wp\/v2\/media?parent=987"}],"curies":[{"name":"wp","href":"https:\/\/api.w.org\/{rel}","templated":true}]}}